{"id":2056,"date":"2025-04-04T13:55:06","date_gmt":"2025-04-04T11:55:06","guid":{"rendered":"https:\/\/biturbo.u370664.stronazen.pl\/regeneration-von-turbolader-steuergeraten\/"},"modified":"2025-06-16T11:27:18","modified_gmt":"2025-06-16T09:27:18","slug":"regeneration-der-steuerung","status":"publish","type":"page","link":"https:\/\/biturbo.com.pl\/de\/regeneration-der-steuerung\/","title":{"rendered":"Regeneration von Turbolader-Steuerger\u00e4ten"},"content":{"rendered":"\t\t<div data-elementor-type=\"wp-page\" data-elementor-id=\"2056\" class=\"elementor elementor-2056 elementor-1798\" data-elementor-post-type=\"page\">\n\t\t\t\t<div class=\"elementor-element elementor-element-5e8f4bb e-flex e-con-boxed e-con e-parent\" data-id=\"5e8f4bb\" data-element_type=\"container\" data-settings=\"{&quot;background_background&quot;:&quot;classic&quot;}\">\n\t\t\t\t\t<div class=\"e-con-inner\">\n\t\t<div class=\"elementor-element elementor-element-b95ef64 e-con-full col-white-offset e-flex e-con e-child\" data-id=\"b95ef64\" data-element_type=\"container\" data-settings=\"{&quot;background_background&quot;:&quot;classic&quot;}\">\n\t\t\t\t<div class=\"elementor-element elementor-element-6ec78dd elementor-widget elementor-widget-image\" data-id=\"6ec78dd\" data-element_type=\"widget\" data-widget_type=\"image.default\">\n\t\t\t\t<div class=\"elementor-widget-container\">\n\t\t\t\t\t\t\t\t\t\t\t\t\t\t\t<img fetchpriority=\"high\" decoding=\"async\" width=\"250\" height=\"250\" src=\"https:\/\/biturbo.com.pl\/wp-content\/uploads\/2025\/04\/regeneracja-sterownikow-turbosprezarek-Biturbo-Polska.webp\" class=\"attachment-large size-large wp-image-1766\" alt=\"Regeneration von Steuerger\u00e4ten f\u00fcr Turbolader BITURBO\" srcset=\"https:\/\/biturbo.com.pl\/wp-content\/uploads\/2025\/04\/regeneracja-sterownikow-turbosprezarek-Biturbo-Polska.webp 250w, https:\/\/biturbo.com.pl\/wp-content\/uploads\/2025\/04\/regeneracja-sterownikow-turbosprezarek-Biturbo-Polska-150x150.webp 150w\" sizes=\"(max-width: 250px) 100vw, 250px\" \/>\t\t\t\t\t\t\t\t\t\t\t\t\t\t\t<\/div>\n\t\t\t\t<\/div>\n\t\t\t\t<div class=\"elementor-element elementor-element-426e652 elementor-widget elementor-widget-heading\" data-id=\"426e652\" data-element_type=\"widget\" data-widget_type=\"heading.default\">\n\t\t\t\t<div class=\"elementor-widget-container\">\n\t\t\t\t\t<h1 class=\"elementor-heading-title elementor-size-default\">Regeneration von Turbolader-Steuerger\u00e4ten<\/h1>\t\t\t\t<\/div>\n\t\t\t\t<\/div>\n\t\t\t\t<div class=\"elementor-element elementor-element-114b182 elementor-widget__width-inherit elementor-widget elementor-widget-text-editor\" data-id=\"114b182\" data-element_type=\"widget\" data-widget_type=\"text-editor.default\">\n\t\t\t\t<div class=\"elementor-widget-container\">\n\t\t\t\t\t\t\t\t\t<p>Wir bieten die professionelle Regeneration elektronischer Turbolader-Steuerger\u00e4te an, die f\u00fcr das pr\u00e4zise Funktionieren des Ladesystems verantwortlich sind. Unser Service umfasst eine umfassende Diagnose, die Reparatur defekter Komponenten sowie Funktionstests nach der Regenerierung.<br \/><br \/><\/p><p>Dank modernem Equipment und langj\u00e4hriger Erfahrung unseres Teams sind wir in der Lage, die volle Funktionsf\u00e4higkeit der meisten am Markt erh\u00e4ltlichen Steuerger\u00e4te \u2013 sowohl elektromagnetischer als auch elektronischer Art \u2013 wiederherzustellen. Regenerierte Steuerger\u00e4te werden strengen Tests unterzogen, um ihre Zuverl\u00e4ssigkeit unter verschiedenen Einsatzbedingungen sicherzustellen. Wir garantieren Qualit\u00e4t, Zuverl\u00e4ssigkeit und erhebliche Einsparungen im Vergleich zum Neukauf eines Steuerger\u00e4ts.<\/p>\t\t\t\t\t\t\t\t<\/div>\n\t\t\t\t<\/div>\n\t\t\t\t<div class=\"elementor-element elementor-element-344a9e9 elementor-widget elementor-widget-heading\" data-id=\"344a9e9\" data-element_type=\"widget\" data-widget_type=\"heading.default\">\n\t\t\t\t<div class=\"elementor-widget-container\">\n\t\t\t\t\t<h2 class=\"elementor-heading-title elementor-size-default\">Warum lohnt sich die Regeneration eines Turbolader-Steuerger\u00e4ts?<\/h2>\t\t\t\t<\/div>\n\t\t\t\t<\/div>\n\t\t\t\t<div class=\"elementor-element elementor-element-d053d25 elementor-widget__width-inherit elementor-widget elementor-widget-text-editor\" data-id=\"d053d25\" data-element_type=\"widget\" data-widget_type=\"text-editor.default\">\n\t\t\t\t<div class=\"elementor-widget-container\">\n\t\t\t\t\t\t\t\t\t<p>Wer sich f\u00fcr die Regeneration eines Turbolader-Steuerger\u00e4ts entscheidet, spart nicht nur Geld, sondern kann sich auch darauf verlassen, dass das Bauteil gr\u00fcndlich gepr\u00fcft und vollst\u00e4ndig wiederhergestellt wurde. Bei Biturbo legen wir gro\u00dfen Wert auf pr\u00e4zise Diagnosen und effektive Reparaturen \u2013 jede Regenerierung wird individuell auf das jeweilige Modell abgestimmt.<br \/><br \/><\/p><p>Unsere Steuerger\u00e4te durchlaufen fortschrittliche Tests, die reale Einsatzbedingungen im Fahrzeug simulieren. So stellen wir sicher, dass das Steuerger\u00e4t in jeder Situation zuverl\u00e4ssig funktioniert.<br \/><br \/><\/p><p>Die Regeneration ist die ideale L\u00f6sung f\u00fcr Fahrzeugbesitzer, die eine kosteng\u00fcnstige Alternative zum Austausch suchen, ohne bei der Qualit\u00e4t Kompromisse einzugehen. Wir betreuen Kunden in ganz Schlesien sowie per Versand in ganz Polen und Europa.<\/p>\t\t\t\t\t\t\t\t<\/div>\n\t\t\t\t<\/div>\n\t\t\t\t<div class=\"elementor-element elementor-element-69097f0 elementor-align-left elementor-widget elementor-widget-button\" data-id=\"69097f0\" data-element_type=\"widget\" data-widget_type=\"button.default\">\n\t\t\t\t<div class=\"elementor-widget-container\">\n\t\t\t\t\t\t\t\t\t<div class=\"elementor-button-wrapper\">\n\t\t\t\t\t<a class=\"elementor-button elementor-button-link elementor-size-sm\" href=\"\/de\/kontakt\/\">\n\t\t\t\t\t\t<span class=\"elementor-button-content-wrapper\">\n\t\t\t\t\t\t\t\t\t<span class=\"elementor-button-text\">KONTAKT<\/span>\n\t\t\t\t\t<\/span>\n\t\t\t\t\t<\/a>\n\t\t\t\t<\/div>\n\t\t\t\t\t\t\t\t<\/div>\n\t\t\t\t<\/div>\n\t\t\t\t<div class=\"elementor-element elementor-element-68b6ac4 elementor-widget elementor-widget-image\" data-id=\"68b6ac4\" data-element_type=\"widget\" data-widget_type=\"image.default\">\n\t\t\t\t<div class=\"elementor-widget-container\">\n\t\t\t\t\t\t\t\t\t\t\t\t\t\t\t<img decoding=\"async\" width=\"1200\" height=\"800\" src=\"https:\/\/biturbo.com.pl\/wp-content\/uploads\/2025\/06\/sterownik-do-galeri-sterownikow1.webp\" class=\"attachment-full size-full wp-image-3377\" alt=\"\" srcset=\"https:\/\/biturbo.com.pl\/wp-content\/uploads\/2025\/06\/sterownik-do-galeri-sterownikow1.webp 1200w, https:\/\/biturbo.com.pl\/wp-content\/uploads\/2025\/06\/sterownik-do-galeri-sterownikow1-300x200.webp 300w, https:\/\/biturbo.com.pl\/wp-content\/uploads\/2025\/06\/sterownik-do-galeri-sterownikow1-1024x683.webp 1024w, https:\/\/biturbo.com.pl\/wp-content\/uploads\/2025\/06\/sterownik-do-galeri-sterownikow1-768x512.webp 768w\" sizes=\"(max-width: 1200px) 100vw, 1200px\" \/>\t\t\t\t\t\t\t\t\t\t\t\t\t\t\t<\/div>\n\t\t\t\t<\/div>\n\t\t\t\t<\/div>\n\t\t\t\t\t<\/div>\n\t\t\t\t<\/div>\n\t\t\t\t<\/div>\n\t\t","protected":false},"excerpt":{"rendered":"<p>Regeneration von Turbolader-Steuerger\u00e4ten Wir bieten die professionelle Regeneration elektronischer Turbolader-Steuerger\u00e4te an, die f\u00fcr das pr\u00e4zise Funktionieren des Ladesystems verantwortlich sind. Unser Service umfasst eine umfassende Diagnose, die Reparatur defekter Komponenten sowie Funktionstests nach der Regenerierung. Dank modernem Equipment und langj\u00e4hriger Erfahrung unseres Teams sind wir in der Lage, die volle Funktionsf\u00e4higkeit der meisten am Markt [&hellip;]<\/p>\n","protected":false},"author":1,"featured_media":0,"parent":0,"menu_order":0,"comment_status":"closed","ping_status":"closed","template":"","meta":{"inline_featured_image":false,"footnotes":""},"class_list":["post-2056","page","type-page","status-publish","hentry"],"_links":{"self":[{"href":"https:\/\/biturbo.com.pl\/de\/wp-json\/wp\/v2\/pages\/2056","targetHints":{"allow":["GET"]}}],"collection":[{"href":"https:\/\/biturbo.com.pl\/de\/wp-json\/wp\/v2\/pages"}],"about":[{"href":"https:\/\/biturbo.com.pl\/de\/wp-json\/wp\/v2\/types\/page"}],"author":[{"embeddable":true,"href":"https:\/\/biturbo.com.pl\/de\/wp-json\/wp\/v2\/users\/1"}],"replies":[{"embeddable":true,"href":"https:\/\/biturbo.com.pl\/de\/wp-json\/wp\/v2\/comments?post=2056"}],"version-history":[{"count":3,"href":"https:\/\/biturbo.com.pl\/de\/wp-json\/wp\/v2\/pages\/2056\/revisions"}],"predecessor-version":[{"id":3427,"href":"https:\/\/biturbo.com.pl\/de\/wp-json\/wp\/v2\/pages\/2056\/revisions\/3427"}],"wp:attachment":[{"href":"https:\/\/biturbo.com.pl\/de\/wp-json\/wp\/v2\/media?parent=2056"}],"curies":[{"name":"wp","href":"https:\/\/api.w.org\/{rel}","templated":true}]}}