{"id":1209,"date":"2024-04-04T08:10:44","date_gmt":"2024-04-04T06:10:44","guid":{"rendered":"https:\/\/biturbo.com.pl\/o-nas\/"},"modified":"2025-07-03T11:09:23","modified_gmt":"2025-07-03T09:09:23","slug":"uber-uns","status":"publish","type":"page","link":"https:\/\/biturbo.com.pl\/de\/uber-uns\/","title":{"rendered":"\u00dcber Uns"},"content":{"rendered":"\t\t<div data-elementor-type=\"wp-page\" data-elementor-id=\"1209\" class=\"elementor elementor-1209 elementor-77\" data-elementor-post-type=\"page\">\n\t\t\t\t\t\t<section class=\"elementor-section elementor-top-section elementor-element elementor-element-5c5ec58 elementor-section-height-min-height elementor-section-boxed elementor-section-height-default elementor-section-items-middle\" data-id=\"5c5ec58\" data-element_type=\"section\" data-settings=\"{&quot;background_background&quot;:&quot;classic&quot;}\">\n\t\t\t\t\t\t<div class=\"elementor-container elementor-column-gap-default\">\n\t\t\t\t\t<div class=\"elementor-column elementor-col-100 elementor-top-column elementor-element elementor-element-f9a7c4e\" data-id=\"f9a7c4e\" data-element_type=\"column\">\n\t\t\t<div class=\"elementor-widget-wrap elementor-element-populated\">\n\t\t\t\t\t\t<div class=\"elementor-element elementor-element-d82af81 elementor-widget elementor-widget-heading\" data-id=\"d82af81\" data-element_type=\"widget\" data-widget_type=\"heading.default\">\n\t\t\t\t<div class=\"elementor-widget-container\">\n\t\t\t\t\t<p class=\"elementor-heading-title elementor-size-default\">\u201eGemeinsam zu arbeiten ist ein Anfang, zusammen zu bleiben ist Fortschritt, zusammenzuarbeiten ist Erfolg.\u201d<\/p>\t\t\t\t<\/div>\n\t\t\t\t<\/div>\n\t\t\t\t<div class=\"elementor-element elementor-element-e263643 elementor-widget elementor-widget-heading\" data-id=\"e263643\" data-element_type=\"widget\" data-widget_type=\"heading.default\">\n\t\t\t\t<div class=\"elementor-widget-container\">\n\t\t\t\t\t<p class=\"elementor-heading-title elementor-size-default\">Henry Ford<\/p>\t\t\t\t<\/div>\n\t\t\t\t<\/div>\n\t\t\t\t\t<\/div>\n\t\t<\/div>\n\t\t\t\t\t<\/div>\n\t\t<\/section>\n\t\t\t\t<section class=\"elementor-section elementor-top-section elementor-element elementor-element-2c63965 elementor-section-boxed elementor-section-height-default elementor-section-height-default\" data-id=\"2c63965\" data-element_type=\"section\" data-settings=\"{&quot;background_background&quot;:&quot;classic&quot;}\">\n\t\t\t\t\t\t<div class=\"elementor-container elementor-column-gap-default\">\n\t\t\t\t\t<div class=\"elementor-column elementor-col-100 elementor-top-column elementor-element elementor-element-4753a23 col-white-offset\" data-id=\"4753a23\" data-element_type=\"column\" data-settings=\"{&quot;background_background&quot;:&quot;classic&quot;}\">\n\t\t\t<div class=\"elementor-widget-wrap elementor-element-populated\">\n\t\t\t\t\t\t<div class=\"elementor-element elementor-element-5420840 elementor-widget elementor-widget-heading\" data-id=\"5420840\" data-element_type=\"widget\" data-widget_type=\"heading.default\">\n\t\t\t\t<div class=\"elementor-widget-container\">\n\t\t\t\t\t<p class=\"elementor-heading-title elementor-size-default\">Lernen wir uns kennen<\/p>\t\t\t\t<\/div>\n\t\t\t\t<\/div>\n\t\t\t\t<div class=\"elementor-element elementor-element-2181113 elementor-widget elementor-widget-heading\" data-id=\"2181113\" data-element_type=\"widget\" data-widget_type=\"heading.default\">\n\t\t\t\t<div class=\"elementor-widget-container\">\n\t\t\t\t\t<h1 class=\"elementor-heading-title elementor-size-default\">\u00dcber Uns<\/h1>\t\t\t\t<\/div>\n\t\t\t\t<\/div>\n\t\t\t\t<div class=\"elementor-element elementor-element-bad9e43 elementor-widget elementor-widget-text-editor\" data-id=\"bad9e43\" data-element_type=\"widget\" data-widget_type=\"text-editor.default\">\n\t\t\t\t<div class=\"elementor-widget-container\">\n\t\t\t\t\t\t\t\t\t<p>Biturbo ist ein Team von qualifizierten Fachleuten, die sich auf die Regeneration und Reparatur von Turboladern spezialisiert haben. Wir zeichnen uns durch langj\u00e4hrige Erfahrung in dieser Branche aus, so dass wir den anspruchsvollsten Herausforderungen und Erwartungen der Kunden gerecht werden k\u00f6nnen.<br \/><br \/><\/p><p>Unsere Priorit\u00e4t ist die kontinuierliche Weiterentwicklung der Kompetenzen und Erweiterung des Wissens, was eine flexible Anpassung des Angebots an die sich \u00e4ndernden Bed\u00fcrfnisse des Automobilmarktes erm\u00f6glicht. Wir sind sowohl in Polen als auch in ganz Europa t\u00e4tig. Mit den neuesten Maschinen und Technologien garantieren wir h\u00f6chste Qualit\u00e4t der Dienstleistungen und volle Professionalit\u00e4t in jedem Aspekt unserer T\u00e4tigkeit.<br \/><br \/><\/p><p>Wir arbeiten nur mit renommierten und bew\u00e4hrten Herstellern von Teilen und Turbinen zusammen, was sich in der Zuverl\u00e4ssigkeit unserer Produkte und Dienstleistungen niederschl\u00e4gt. Unser Engagement und unsere Leidenschaft f\u00fcr die Arbeit f\u00fchren zu dem Vertrauen sowohl der Kunden als auch der Gesch\u00e4ftspartner, was f\u00fcr uns die gr\u00f6\u00dfte Auszeichnung ist.<\/p>\t\t\t\t\t\t\t\t<\/div>\n\t\t\t\t<\/div>\n\t\t\t\t<div class=\"elementor-element elementor-element-3c11945 elementor-widget elementor-widget-text-editor\" data-id=\"3c11945\" data-element_type=\"widget\" data-widget_type=\"text-editor.default\">\n\t\t\t\t<div class=\"elementor-widget-container\">\n\t\t\t\t\t\t\t\t\t<p>\u00a0<\/p><p><b>Mit der Wahl von Biturbo erhalten Sie Qualit\u00e4t, Zuverl\u00e4ssigkeit und Professionalit\u00e4t, die die Grundlagen unseres Gesch\u00e4fts sind.<\/b><\/p>\t\t\t\t\t\t\t\t<\/div>\n\t\t\t\t<\/div>\n\t\t\t\t<div class=\"elementor-element elementor-element-480d6c8 elementor-widget elementor-widget-image\" data-id=\"480d6c8\" data-element_type=\"widget\" data-widget_type=\"image.default\">\n\t\t\t\t<div class=\"elementor-widget-container\">\n\t\t\t\t\t\t\t\t\t\t\t\t\t\t\t<img fetchpriority=\"high\" decoding=\"async\" width=\"1600\" height=\"864\" src=\"https:\/\/biturbo.com.pl\/wp-content\/uploads\/2025\/07\/baner-na-strone.webp\" class=\"attachment-full size-full wp-image-3534\" alt=\"\" srcset=\"https:\/\/biturbo.com.pl\/wp-content\/uploads\/2025\/07\/baner-na-strone.webp 1600w, https:\/\/biturbo.com.pl\/wp-content\/uploads\/2025\/07\/baner-na-strone-300x162.webp 300w, https:\/\/biturbo.com.pl\/wp-content\/uploads\/2025\/07\/baner-na-strone-1024x553.webp 1024w, https:\/\/biturbo.com.pl\/wp-content\/uploads\/2025\/07\/baner-na-strone-768x415.webp 768w, https:\/\/biturbo.com.pl\/wp-content\/uploads\/2025\/07\/baner-na-strone-1536x829.webp 1536w\" sizes=\"(max-width: 1600px) 100vw, 1600px\" \/>\t\t\t\t\t\t\t\t\t\t\t\t\t\t\t<\/div>\n\t\t\t\t<\/div>\n\t\t\t\t\t<\/div>\n\t\t<\/div>\n\t\t\t\t\t<\/div>\n\t\t<\/section>\n\t\t\t\t<\/div>\n\t\t","protected":false},"excerpt":{"rendered":"<p>\u201eGemeinsam zu arbeiten ist ein Anfang, zusammen zu bleiben ist Fortschritt, zusammenzuarbeiten ist Erfolg.\u201d Henry Ford Lernen wir uns kennen \u00dcber Uns Biturbo ist ein Team von qualifizierten Fachleuten, die sich auf die Regeneration und Reparatur von Turboladern spezialisiert haben. Wir zeichnen uns durch langj\u00e4hrige Erfahrung in dieser Branche aus, so dass wir den anspruchsvollsten [&hellip;]<\/p>\n","protected":false},"author":1,"featured_media":0,"parent":0,"menu_order":0,"comment_status":"closed","ping_status":"closed","template":"","meta":{"inline_featured_image":false,"footnotes":""},"class_list":["post-1209","page","type-page","status-publish","hentry"],"_links":{"self":[{"href":"https:\/\/biturbo.com.pl\/de\/wp-json\/wp\/v2\/pages\/1209","targetHints":{"allow":["GET"]}}],"collection":[{"href":"https:\/\/biturbo.com.pl\/de\/wp-json\/wp\/v2\/pages"}],"about":[{"href":"https:\/\/biturbo.com.pl\/de\/wp-json\/wp\/v2\/types\/page"}],"author":[{"embeddable":true,"href":"https:\/\/biturbo.com.pl\/de\/wp-json\/wp\/v2\/users\/1"}],"replies":[{"embeddable":true,"href":"https:\/\/biturbo.com.pl\/de\/wp-json\/wp\/v2\/comments?post=1209"}],"version-history":[{"count":3,"href":"https:\/\/biturbo.com.pl\/de\/wp-json\/wp\/v2\/pages\/1209\/revisions"}],"predecessor-version":[{"id":3547,"href":"https:\/\/biturbo.com.pl\/de\/wp-json\/wp\/v2\/pages\/1209\/revisions\/3547"}],"wp:attachment":[{"href":"https:\/\/biturbo.com.pl\/de\/wp-json\/wp\/v2\/media?parent=1209"}],"curies":[{"name":"wp","href":"https:\/\/api.w.org\/{rel}","templated":true}]}}